{"id":1818,"date":"2025-09-12T10:26:11","date_gmt":"2025-09-12T02:26:11","guid":{"rendered":"https:\/\/www.sumecbuildingmaterial.com\/?post_type=product&#038;p=1818"},"modified":"2025-09-12T16:29:13","modified_gmt":"2025-09-12T08:29:13","slug":"ordinary-and-waterproof-melamine-mdf","status":"publish","type":"product","link":"https:\/\/www.sumecbuildingmaterial.com\/fr\/product\/ordinary-and-waterproof-melamine-mdf\/","title":{"rendered":"MDF m\u00e9lamin\u00e9 ordinaire et imperm\u00e9able"},"featured_media":1821,"parent":0,"template":"","meta":{"_acf_changed":false,"_seopress_robots_primary_cat":"none","_seopress_titles_title":"Ordinary and Waterproof Melamine MDF","_seopress_titles_desc":"MDF also known as fiberboard, is a wood-based panel made of lignocellulosic resin. Adhesives can be applied during the manufacturing process.","_seopress_robots_index":"","_seopress_analysis_target_kw":"Ordinary and Waterproof Melamine MDF,Melamine MDF,MDF"},"product-category":[5,30],"class_list":["post-1818","product","type-product","status-publish","has-post-thumbnail","hentry","product-category-fiberboard-particleboard-panels","product-category-mdf"],"acf":[],"_links":{"self":[{"href":"https:\/\/www.sumecbuildingmaterial.com\/fr\/wp-json\/wp\/v2\/product\/1818","targetHints":{"allow":["GET"]}}],"collection":[{"href":"https:\/\/www.sumecbuildingmaterial.com\/fr\/wp-json\/wp\/v2\/product"}],"about":[{"href":"https:\/\/www.sumecbuildingmaterial.com\/fr\/wp-json\/wp\/v2\/types\/product"}],"version-history":[{"count":5,"href":"https:\/\/www.sumecbuildingmaterial.com\/fr\/wp-json\/wp\/v2\/product\/1818\/revisions"}],"predecessor-version":[{"id":2015,"href":"https:\/\/www.sumecbuildingmaterial.com\/fr\/wp-json\/wp\/v2\/product\/1818\/revisions\/2015"}],"wp:featuredmedia":[{"embeddable":true,"href":"https:\/\/www.sumecbuildingmaterial.com\/fr\/wp-json\/wp\/v2\/media\/1821"}],"wp:attachment":[{"href":"https:\/\/www.sumecbuildingmaterial.com\/fr\/wp-json\/wp\/v2\/media?parent=1818"}],"wp:term":[{"taxonomy":"product-category","embeddable":true,"href":"https:\/\/www.sumecbuildingmaterial.com\/fr\/wp-json\/wp\/v2\/product-category?post=1818"}],"curies":[{"name":"wp","href":"https:\/\/api.w.org\/{rel}","templated":true}]}}